{"id":21715,"date":"2015-12-31T08:50:09","date_gmt":"2015-12-31T07:50:09","guid":{"rendered":"https:\/\/www.smdesigns.com\/?post_type=product&#038;p=21715"},"modified":"2024-09-11T13:40:50","modified_gmt":"2024-09-11T11:40:50","slug":"lacznik-listwy-przypodlogowej-m84","status":"publish","type":"product","link":"https:\/\/www.smdesigns.com\/pl\/produkty\/lacznik-listwy-przypodlogowej-m84\/","title":{"rendered":"M84 \u2013 \u0141\u0105cznik listwy przypod\u0142ogowej"},"content":{"rendered":"\t\t<div data-elementor-type=\"wp-post\" data-elementor-id=\"21715\" class=\"elementor elementor-21715\" data-elementor-post-type=\"product\">\n\t\t\t\t\t\t<section class=\"elementor-section elementor-top-section elementor-element elementor-element-43f3 elementor-section-boxed elementor-section-height-default elementor-section-height-default\" data-id=\"43f3\" data-element_type=\"section\" data-e-type=\"section\" data-settings=\"{&quot;jet_parallax_layout_list&quot;:[{&quot;jet_parallax_layout_image&quot;:{&quot;url&quot;:&quot;&quot;,&quot;id&quot;:&quot;&quot;,&quot;size&quot;:&quot;&quot;},&quot;_id&quot;:&quot;cb05a0f&quot;,&quot;jet_parallax_layout_speed&quot;:{&quot;unit&quot;:&quot;%&quot;,&quot;size&quot;:50,&quot;sizes&quot;:[]},&quot;jet_parallax_layout_image_tablet&quot;:{&quot;url&quot;:&quot;&quot;,&quot;id&quot;:&quot;&quot;,&quot;size&quot;:&quot;&quot;},&quot;jet_parallax_layout_image_mobile&quot;:{&quot;url&quot;:&quot;&quot;,&quot;id&quot;:&quot;&quot;,&quot;size&quot;:&quot;&quot;},&quot;jet_parallax_layout_type&quot;:&quot;scroll&quot;,&quot;jet_parallax_layout_direction&quot;:&quot;1&quot;,&quot;jet_parallax_layout_fx_direction&quot;:null,&quot;jet_parallax_layout_z_index&quot;:&quot;&quot;,&quot;jet_parallax_layout_bg_x&quot;:50,&quot;jet_parallax_layout_bg_x_tablet&quot;:&quot;&quot;,&quot;jet_parallax_layout_bg_x_mobile&quot;:&quot;&quot;,&quot;jet_parallax_layout_bg_y&quot;:50,&quot;jet_parallax_layout_bg_y_tablet&quot;:&quot;&quot;,&quot;jet_parallax_layout_bg_y_mobile&quot;:&quot;&quot;,&quot;jet_parallax_layout_bg_size&quot;:&quot;auto&quot;,&quot;jet_parallax_layout_bg_size_tablet&quot;:&quot;&quot;,&quot;jet_parallax_layout_bg_size_mobile&quot;:&quot;&quot;,&quot;jet_parallax_layout_animation_prop&quot;:&quot;transform&quot;,&quot;jet_parallax_layout_on&quot;:[&quot;desktop&quot;,&quot;tablet&quot;]}],&quot;background_background&quot;:&quot;classic&quot;}\">\n\t\t\t\t\t\t<div class=\"elementor-container elementor-column-gap-default\">\n\t\t\t\t\t<div class=\"elementor-column elementor-col-100 elementor-top-column elementor-element elementor-element-662\" data-id=\"662\" data-element_type=\"column\" data-e-type=\"column\">\n\t\t\t<div class=\"elementor-widget-wrap elementor-element-populated\">\n\t\t\t\t\t\t<div class=\"elementor-element elementor-element-a elementor-widget elementor-widget-heading\" data-id=\"a\" data-element_type=\"widget\" data-e-type=\"widget\" data-widget_type=\"heading.default\">\n\t\t\t\t<div class=\"elementor-widget-container\">\n\t\t\t\t\t<h4 class=\"elementor-heading-title elementor-size-default\">Description<\/h4>\t\t\t\t<\/div>\n\t\t\t\t<\/div>\n\t\t\t\t<div class=\"elementor-element elementor-element-407b elementor-widget elementor-widget-spacer\" data-id=\"407b\" data-element_type=\"widget\" data-e-type=\"widget\" data-widget_type=\"spacer.default\">\n\t\t\t\t<div class=\"elementor-widget-container\">\n\t\t\t\t\t\t\t<div class=\"elementor-spacer\">\n\t\t\t<div class=\"elementor-spacer-inner\"><\/div>\n\t\t<\/div>\n\t\t\t\t\t\t<\/div>\n\t\t\t\t<\/div>\n\t\t\t\t<div class=\"elementor-element elementor-element-1e98 elementor-widget elementor-widget-text-editor\" data-id=\"1e98\" data-element_type=\"widget\" data-e-type=\"widget\" data-widget_type=\"text-editor.default\">\n\t\t\t\t<div class=\"elementor-widget-container\">\n\t\t\t\t\t\t\t\t\tMustard yellow crossbody bag in contrasting materials. Split suede foldover flap and front body. Gold metal hardware. Long adjustable strap. Lined interior. Round metal piece for fastening.\t\t\t\t\t\t\t\t<\/div>\n\t\t\t\t<\/div>\n\t\t\t\t<div class=\"elementor-element elementor-element-6f1 elementor-widget elementor-widget-spacer\" data-id=\"6f1\" data-element_type=\"widget\" data-e-type=\"widget\" data-widget_type=\"spacer.default\">\n\t\t\t\t<div class=\"elementor-widget-container\">\n\t\t\t\t\t\t\t<div class=\"elementor-spacer\">\n\t\t\t<div class=\"elementor-spacer-inner\"><\/div>\n\t\t<\/div>\n\t\t\t\t\t\t<\/div>\n\t\t\t\t<\/div>\n\t\t\t\t<div class=\"elementor-element elementor-element-12d6 elementor-widget elementor-widget-heading\" data-id=\"12d6\" data-element_type=\"widget\" data-e-type=\"widget\" data-widget_type=\"heading.default\">\n\t\t\t\t<div class=\"elementor-widget-container\">\n\t\t\t\t\t<h4 class=\"elementor-heading-title elementor-size-default\">Product Details<\/h4>\t\t\t\t<\/div>\n\t\t\t\t<\/div>\n\t\t\t\t<div class=\"elementor-element elementor-element-6957 elementor-widget elementor-widget-spacer\" data-id=\"6957\" data-element_type=\"widget\" data-e-type=\"widget\" data-widget_type=\"spacer.default\">\n\t\t\t\t<div class=\"elementor-widget-container\">\n\t\t\t\t\t\t\t<div class=\"elementor-spacer\">\n\t\t\t<div class=\"elementor-spacer-inner\"><\/div>\n\t\t<\/div>\n\t\t\t\t\t\t<\/div>\n\t\t\t\t<\/div>\n\t\t\t\t<div class=\"elementor-element elementor-element-212d elementor-widget elementor-widget-jet-inline-svg\" data-id=\"212d\" data-element_type=\"widget\" data-e-type=\"widget\" data-widget_type=\"jet-inline-svg.default\">\n\t\t\t\t<div class=\"elementor-widget-container\">\n\t\t\t\t\t<div class=\"elementor-jet-inline-svg jet-elements\"><div class=\"jet-inline-svg__wrapper\"><div class=\"jet-inline-svg\"><img decoding=\"async\" src=\"https:\/\/ld-wp73.template-help.com\/woostroid2\/default\/wp-content\/uploads\/2018\/10\/care.svg\" alt=\"\" class=\"jet-inline-svg__inner\"><\/div><\/div><\/div>\t\t\t\t<\/div>\n\t\t\t\t<\/div>\n\t\t\t\t\t<\/div>\n\t\t<\/div>\n\t\t\t\t\t<\/div>\n\t\t<\/section>\n\t\t\t\t<\/div>\n\t\t","protected":false},"excerpt":{"rendered":"<p>Twardy<\/p>","protected":false},"featured_media":21716,"template":"","meta":{"_acf_changed":false},"product_brand":[],"product_cat":[728],"product_tag":[],"class_list":{"0":"post-21715","1":"product","2":"type-product","3":"status-publish","4":"has-post-thumbnail","6":"product_cat-9-technical-profiles","8":"first","9":"instock","10":"shipping-taxable","11":"product-type-simple"},"acf":[],"yoast_head":"<!-- This site is optimized with the Yoast SEO plugin v26.9 - https:\/\/yoast.com\/product\/yoast-seo-wordpress\/ -->\n<title>M84 - Wall Skirting Connector - SMD - we open doors<\/title>\n<meta name=\"description\" content=\"SMD - we open doors\" \/>\n<meta name=\"robots\" content=\"index, follow, max-snippet:-1, max-image-preview:large, max-video-preview:-1\" \/>\n<link rel=\"canonical\" href=\"https:\/\/www.smdesigns.com\/pl\/produkty\/lacznik-listwy-przypodlogowej-m84\/\" \/>\n<meta property=\"og:locale\" content=\"pl_PL\" \/>\n<meta property=\"og:type\" content=\"article\" \/>\n<meta property=\"og:title\" content=\"M84 - Wall Skirting Connector - SMD - we open doors\" \/>\n<meta property=\"og:description\" content=\"SMD - we open doors\" \/>\n<meta property=\"og:url\" content=\"https:\/\/www.smdesigns.com\/pl\/produkty\/lacznik-listwy-przypodlogowej-m84\/\" \/>\n<meta property=\"og:site_name\" content=\"SMD - we open doors\" \/>\n<meta property=\"article:modified_time\" content=\"2024-09-11T11:40:50+00:00\" \/>\n<meta property=\"og:image\" content=\"https:\/\/www.smdesigns.com\/wp-content\/uploads\/M84.jpg\" \/>\n\t<meta property=\"og:image:width\" content=\"1500\" \/>\n\t<meta property=\"og:image:height\" content=\"1500\" \/>\n\t<meta property=\"og:image:type\" content=\"image\/jpeg\" \/>\n<meta name=\"twitter:card\" content=\"summary_large_image\" \/>\n<meta name=\"twitter:label1\" content=\"Szacowany czas czytania\" \/>\n\t<meta name=\"twitter:data1\" content=\"1 minuta\" \/>\n<script type=\"application\/ld+json\" class=\"yoast-schema-graph\">{\"@context\":\"https:\/\/schema.org\",\"@graph\":[{\"@type\":\"WebPage\",\"@id\":\"https:\/\/www.smdesigns.com\/products\/m84-wall-skirting-connector\/\",\"url\":\"https:\/\/www.smdesigns.com\/products\/m84-wall-skirting-connector\/\",\"name\":\"M84 - Wall Skirting Connector - SMD - we open doors\",\"isPartOf\":{\"@id\":\"https:\/\/www.smdesigns.com\/#website\"},\"primaryImageOfPage\":{\"@id\":\"https:\/\/www.smdesigns.com\/products\/m84-wall-skirting-connector\/#primaryimage\"},\"image\":{\"@id\":\"https:\/\/www.smdesigns.com\/products\/m84-wall-skirting-connector\/#primaryimage\"},\"thumbnailUrl\":\"https:\/\/www.smdesigns.com\/wp-content\/uploads\/M84.jpg\",\"datePublished\":\"2015-12-31T07:50:09+00:00\",\"dateModified\":\"2024-09-11T11:40:50+00:00\",\"description\":\"SMD - we open doors\",\"breadcrumb\":{\"@id\":\"https:\/\/www.smdesigns.com\/products\/m84-wall-skirting-connector\/#breadcrumb\"},\"inLanguage\":\"pl-PL\",\"potentialAction\":[{\"@type\":\"ReadAction\",\"target\":[\"https:\/\/www.smdesigns.com\/products\/m84-wall-skirting-connector\/\"]}]},{\"@type\":\"ImageObject\",\"inLanguage\":\"pl-PL\",\"@id\":\"https:\/\/www.smdesigns.com\/products\/m84-wall-skirting-connector\/#primaryimage\",\"url\":\"https:\/\/www.smdesigns.com\/wp-content\/uploads\/M84.jpg\",\"contentUrl\":\"https:\/\/www.smdesigns.com\/wp-content\/uploads\/M84.jpg\",\"width\":1500,\"height\":1500},{\"@type\":\"BreadcrumbList\",\"@id\":\"https:\/\/www.smdesigns.com\/products\/m84-wall-skirting-connector\/#breadcrumb\",\"itemListElement\":[{\"@type\":\"ListItem\",\"position\":1,\"name\":\"Home\",\"item\":\"https:\/\/www.smdesigns.com\/\"},{\"@type\":\"ListItem\",\"position\":2,\"name\":\"Products\",\"item\":\"https:\/\/www.smdesigns.com\/products\/\"},{\"@type\":\"ListItem\",\"position\":3,\"name\":\"M84 &#8211; Wall Skirting Connector\"}]},{\"@type\":\"WebSite\",\"@id\":\"https:\/\/www.smdesigns.com\/#website\",\"url\":\"https:\/\/www.smdesigns.com\/\",\"name\":\"SMD - we open doors\",\"description\":\"SMD Materializing your vision\",\"publisher\":{\"@id\":\"https:\/\/www.smdesigns.com\/#organization\"},\"potentialAction\":[{\"@type\":\"SearchAction\",\"target\":{\"@type\":\"EntryPoint\",\"urlTemplate\":\"https:\/\/www.smdesigns.com\/?s={search_term_string}\"},\"query-input\":{\"@type\":\"PropertyValueSpecification\",\"valueRequired\":true,\"valueName\":\"search_term_string\"}}],\"inLanguage\":\"pl-PL\"},{\"@type\":\"Organization\",\"@id\":\"https:\/\/www.smdesigns.com\/#organization\",\"name\":\"SMD - we open doors\",\"url\":\"https:\/\/www.smdesigns.com\/\",\"logo\":{\"@type\":\"ImageObject\",\"inLanguage\":\"pl-PL\",\"@id\":\"https:\/\/www.smdesigns.com\/#\/schema\/logo\/image\/\",\"url\":\"https:\/\/www.smdesigns.com\/wp-content\/uploads\/2023\/03\/smd-web.png\",\"contentUrl\":\"https:\/\/www.smdesigns.com\/wp-content\/uploads\/2023\/03\/smd-web.png\",\"width\":300,\"height\":30,\"caption\":\"SMD - we open doors\"},\"image\":{\"@id\":\"https:\/\/www.smdesigns.com\/#\/schema\/logo\/image\/\"}}]}<\/script>\n<!-- \/ Yoast SEO plugin. -->","yoast_head_json":{"title":"M84 - \u0141\u0105cznik listwy przypod\u0142ogowej - SMD - otwieramy drzwi","description":"SMD - otwieramy drzwi","robots":{"index":"index","follow":"follow","max-snippet":"max-snippet:-1","max-image-preview":"max-image-preview:large","max-video-preview":"max-video-preview:-1"},"canonical":"https:\/\/www.smdesigns.com\/pl\/produkty\/lacznik-listwy-przypodlogowej-m84\/","og_locale":"pl_PL","og_type":"article","og_title":"M84 - Wall Skirting Connector - SMD - we open doors","og_description":"SMD - we open doors","og_url":"https:\/\/www.smdesigns.com\/pl\/produkty\/lacznik-listwy-przypodlogowej-m84\/","og_site_name":"SMD - we open doors","article_modified_time":"2024-09-11T11:40:50+00:00","og_image":[{"width":1500,"height":1500,"url":"https:\/\/www.smdesigns.com\/wp-content\/uploads\/M84.jpg","type":"image\/jpeg"}],"twitter_card":"summary_large_image","twitter_misc":{"Szacowany czas czytania":"1 minuta"},"schema":{"@context":"https:\/\/schema.org","@graph":[{"@type":"WebPage","@id":"https:\/\/www.smdesigns.com\/products\/m84-wall-skirting-connector\/","url":"https:\/\/www.smdesigns.com\/products\/m84-wall-skirting-connector\/","name":"M84 - \u0141\u0105cznik listwy przypod\u0142ogowej - SMD - otwieramy drzwi","isPartOf":{"@id":"https:\/\/www.smdesigns.com\/#website"},"primaryImageOfPage":{"@id":"https:\/\/www.smdesigns.com\/products\/m84-wall-skirting-connector\/#primaryimage"},"image":{"@id":"https:\/\/www.smdesigns.com\/products\/m84-wall-skirting-connector\/#primaryimage"},"thumbnailUrl":"https:\/\/www.smdesigns.com\/wp-content\/uploads\/M84.jpg","datePublished":"2015-12-31T07:50:09+00:00","dateModified":"2024-09-11T11:40:50+00:00","description":"SMD - otwieramy drzwi","breadcrumb":{"@id":"https:\/\/www.smdesigns.com\/products\/m84-wall-skirting-connector\/#breadcrumb"},"inLanguage":"pl-PL","potentialAction":[{"@type":"ReadAction","target":["https:\/\/www.smdesigns.com\/products\/m84-wall-skirting-connector\/"]}]},{"@type":"ImageObject","inLanguage":"pl-PL","@id":"https:\/\/www.smdesigns.com\/products\/m84-wall-skirting-connector\/#primaryimage","url":"https:\/\/www.smdesigns.com\/wp-content\/uploads\/M84.jpg","contentUrl":"https:\/\/www.smdesigns.com\/wp-content\/uploads\/M84.jpg","width":1500,"height":1500},{"@type":"BreadcrumbList","@id":"https:\/\/www.smdesigns.com\/products\/m84-wall-skirting-connector\/#breadcrumb","itemListElement":[{"@type":"ListItem","position":1,"name":"Home","item":"https:\/\/www.smdesigns.com\/"},{"@type":"ListItem","position":2,"name":"Products","item":"https:\/\/www.smdesigns.com\/products\/"},{"@type":"ListItem","position":3,"name":"M84 &#8211; Wall Skirting Connector"}]},{"@type":"WebSite","@id":"https:\/\/www.smdesigns.com\/#website","url":"https:\/\/www.smdesigns.com\/","name":"SMD - otwieramy drzwi","description":"SMD Materializujemy Twoj\u0105 wizj\u0119","publisher":{"@id":"https:\/\/www.smdesigns.com\/#organization"},"potentialAction":[{"@type":"SearchAction","target":{"@type":"EntryPoint","urlTemplate":"https:\/\/www.smdesigns.com\/?s={search_term_string}"},"query-input":{"@type":"PropertyValueSpecification","valueRequired":true,"valueName":"search_term_string"}}],"inLanguage":"pl-PL"},{"@type":"Organization","@id":"https:\/\/www.smdesigns.com\/#organization","name":"SMD - otwieramy drzwi","url":"https:\/\/www.smdesigns.com\/","logo":{"@type":"ImageObject","inLanguage":"pl-PL","@id":"https:\/\/www.smdesigns.com\/#\/schema\/logo\/image\/","url":"https:\/\/www.smdesigns.com\/wp-content\/uploads\/2023\/03\/smd-web.png","contentUrl":"https:\/\/www.smdesigns.com\/wp-content\/uploads\/2023\/03\/smd-web.png","width":300,"height":30,"caption":"SMD - we open doors"},"image":{"@id":"https:\/\/www.smdesigns.com\/#\/schema\/logo\/image\/"}}]}},"_links":{"self":[{"href":"https:\/\/www.smdesigns.com\/pl\/wp-json\/wp\/v2\/product\/21715","targetHints":{"allow":["GET"]}}],"collection":[{"href":"https:\/\/www.smdesigns.com\/pl\/wp-json\/wp\/v2\/product"}],"about":[{"href":"https:\/\/www.smdesigns.com\/pl\/wp-json\/wp\/v2\/types\/product"}],"version-history":[{"count":0,"href":"https:\/\/www.smdesigns.com\/pl\/wp-json\/wp\/v2\/product\/21715\/revisions"}],"wp:featuredmedia":[{"embeddable":true,"href":"https:\/\/www.smdesigns.com\/pl\/wp-json\/wp\/v2\/media\/21716"}],"wp:attachment":[{"href":"https:\/\/www.smdesigns.com\/pl\/wp-json\/wp\/v2\/media?parent=21715"}],"wp:term":[{"taxonomy":"product_brand","embeddable":true,"href":"https:\/\/www.smdesigns.com\/pl\/wp-json\/wp\/v2\/product_brand?post=21715"},{"taxonomy":"product_cat","embeddable":true,"href":"https:\/\/www.smdesigns.com\/pl\/wp-json\/wp\/v2\/product_cat?post=21715"},{"taxonomy":"product_tag","embeddable":true,"href":"https:\/\/www.smdesigns.com\/pl\/wp-json\/wp\/v2\/product_tag?post=21715"}],"curies":[{"name":"wp","href":"https:\/\/api.w.org\/{rel}","templated":true}]}}